{"id":2120,"date":"2026-01-04T16:19:00","date_gmt":"2026-01-04T15:19:00","guid":{"rendered":"https:\/\/www.joga-lubin.pl\/?page_id=2120"},"modified":"2026-01-04T16:45:42","modified_gmt":"2026-01-04T15:45:42","slug":"renata-lewandowska","status":"publish","type":"page","link":"https:\/\/www.joga-lubin.pl\/index.php\/joga\/renata-lewandowska\/","title":{"rendered":"Renata Lewandowska"},"content":{"rendered":"<p><\/p>\n<div class=\"wp-block-themeisle-blocks-advanced-columns has-1-columns has-desktop-equal-layout has-tablet-equal-layout has-mobile-equal-layout has-default-gap has-vertical-unset\" id=\"wp-block-themeisle-blocks-advanced-columns-82555936\">\n<div class=\"wp-block-themeisle-blocks-advanced-columns-overlay\"><\/div>\n<div class=\"innerblocks-wrap\"><\/p>\n<div class=\"wp-block-themeisle-blocks-advanced-column\" id=\"wp-block-themeisle-blocks-advanced-column-f4d28bb8\"><\/p>\n<figure class=\"wp-block-image size-large\"><img loading=\"lazy\" width=\"1024\" height=\"678\" src=\"https:\/\/www.joga-lubin.pl\/wp-content\/uploads\/2026\/01\/1000047500-1024x678.jpg\" alt=\"\" class=\"wp-image-2121\" srcset=\"https:\/\/www.joga-lubin.pl\/wp-content\/uploads\/2026\/01\/1000047500-1024x678.jpg 1024w, https:\/\/www.joga-lubin.pl\/wp-content\/uploads\/2026\/01\/1000047500-300x199.jpg 300w, https:\/\/www.joga-lubin.pl\/wp-content\/uploads\/2026\/01\/1000047500-768x508.jpg 768w, https:\/\/www.joga-lubin.pl\/wp-content\/uploads\/2026\/01\/1000047500.jpg 1500w\" sizes=\"(max-width: 1024px) 100vw, 1024px\" \/><figcaption>Joga jest ze mn\u0105 od 2014 roku i ta przygoda rozpocz\u0119\u0142a si\u0119 u boku mojej nauczycielki Ma\u0142gosi Kobus. Dzi\u0119ki niej pozna\u0142am Ashtanga Jog\u0119 i to ona dostrzeg\u0142a we mnie przestrze\u0144 do Yin Jogi. Swoje pierwsze zaj\u0119cia poprowadzi\u0142am w dniu 21.06.2016.Joga jest dla mnie fascynuj\u0105c\u0105, wyj\u0105tkow\u0105, niepowtarzaln\u0105, bardzo indywidualn\u0105 podr\u00f3\u017c\u0105 w g\u0142\u0105b cia\u0142a. I co najwa\u017cniejsze: jest dos\u0142ownie dla ka\u017cdego.<br \/>Certyfikaty Yoga Alliance:<br \/>&#8211; 60 Hour Yin Fascial Yoga Immersion Structural Body Module 31.05-5.06.2016<br \/>Poland, Beta Lisboa E-500 RYT;<br \/>&#8211; 60 Hour Yin Fascial Yoga Immersion Subtle Body Module 24.-30.10.2016 Poland, Beta Lisboa E-500 RYT;<br \/>&#8211; 60 Hour Yin Fascial Yoga Mindfulness Module 19-25.05.2017 Poland, Beta Lisboa E-500 RYT;<br \/>&#8211; 60 Hour of Structural Body 2 Module of Yin Fascial Yoga Program 25.09-1.10.2017 Poland, Beta Lisboa E-500 RYT, Sai Calder Life-Force Dynamics<br \/>&#8211; 300 Hour Dynamic Spiral &amp; Yin Fascial Yoga Teacher Training 30.09.2017 Poland, Beta Lisboa E-500 RYT, Sai Calder Life-Force Dynamics, RYS 300 Yoga<br \/> &#8211; 50 Hours Dynamic Spiral Yoga Foundation Teacher Training 13-19.05.2018 Poland, Beta Lisboa E-500 RYT, Sai Calder Life-Force Dynamics<br \/>Uczestniczy\u0142am w wielu warsztatach prowadzonych&nbsp; przez Beat\u0119 Darowsk\u0105, Krystiana Mesjasza, Piusha Mittala, Izabeli Raczkowskiej.<br \/>W Studio Jogi NAMASTE Marty Goszkiej poprowadz\u0119 zaj\u0119cia Jogi Yin i Poranek dla kr\u0119gos\u0142upa<\/figcaption><\/figure>\n<p><\/div>\n<p><\/div>\n<\/div>\n<p><\/p>\n<p><\/p>\n<figure class=\"wp-block-image size-large\"><img loading=\"lazy\" width=\"1024\" height=\"728\" src=\"https:\/\/www.joga-lubin.pl\/wp-content\/uploads\/2026\/01\/1000047503-1-1024x728.jpg\" alt=\"\" class=\"wp-image-2124\" srcset=\"https:\/\/www.joga-lubin.pl\/wp-content\/uploads\/2026\/01\/1000047503-1-1024x728.jpg 1024w, https:\/\/www.joga-lubin.pl\/wp-content\/uploads\/2026\/01\/1000047503-1-300x213.jpg 300w, https:\/\/www.joga-lubin.pl\/wp-content\/uploads\/2026\/01\/1000047503-1-768x546.jpg 768w, https:\/\/www.joga-lubin.pl\/wp-content\/uploads\/2026\/01\/1000047503-1.jpg 1080w\" sizes=\"(max-width: 1024px) 100vw, 1024px\" \/><\/figure>\n<p><\/p>\n<p><\/p>\n<figure class=\"wp-block-image size-large\"><img loading=\"lazy\" width=\"1024\" height=\"699\" src=\"https:\/\/www.joga-lubin.pl\/wp-content\/uploads\/2026\/01\/1000047501-1024x699.jpg\" alt=\"\" class=\"wp-image-2127\" srcset=\"https:\/\/www.joga-lubin.pl\/wp-content\/uploads\/2026\/01\/1000047501-1024x699.jpg 1024w, https:\/\/www.joga-lubin.pl\/wp-content\/uploads\/2026\/01\/1000047501-300x205.jpg 300w, https:\/\/www.joga-lubin.pl\/wp-content\/uploads\/2026\/01\/1000047501-768x524.jpg 768w, https:\/\/www.joga-lubin.pl\/wp-content\/uploads\/2026\/01\/1000047501.jpg 1080w\" sizes=\"(max-width: 1024px) 100vw, 1024px\" \/><\/figure>\n<p><\/p>\n<p><\/p>\n<figure class=\"wp-block-image size-large\"><img loading=\"lazy\" width=\"1024\" height=\"707\" src=\"https:\/\/www.joga-lubin.pl\/wp-content\/uploads\/2026\/01\/1000047502-1024x707.jpg\" alt=\"\" class=\"wp-image-2130\" srcset=\"https:\/\/www.joga-lubin.pl\/wp-content\/uploads\/2026\/01\/1000047502-1024x707.jpg 1024w, https:\/\/www.joga-lubin.pl\/wp-content\/uploads\/2026\/01\/1000047502-300x207.jpg 300w, https:\/\/www.joga-lubin.pl\/wp-content\/uploads\/2026\/01\/1000047502-768x530.jpg 768w, https:\/\/www.joga-lubin.pl\/wp-content\/uploads\/2026\/01\/1000047502.jpg 1080w\" sizes=\"(max-width: 1024px) 100vw, 1024px\" \/><\/figure>\n<p><\/p>\n<p><\/p>\n<figure class=\"wp-block-image size-large\"><img loading=\"lazy\" width=\"1024\" height=\"698\" src=\"https:\/\/www.joga-lubin.pl\/wp-content\/uploads\/2026\/01\/1000047504-1024x698.jpg\" alt=\"\" class=\"wp-image-2132\" srcset=\"https:\/\/www.joga-lubin.pl\/wp-content\/uploads\/2026\/01\/1000047504-1024x698.jpg 1024w, https:\/\/www.joga-lubin.pl\/wp-content\/uploads\/2026\/01\/1000047504-300x204.jpg 300w, https:\/\/www.joga-lubin.pl\/wp-content\/uploads\/2026\/01\/1000047504-768x523.jpg 768w, https:\/\/www.joga-lubin.pl\/wp-content\/uploads\/2026\/01\/1000047504.jpg 1080w\" sizes=\"(max-width: 1024px) 100vw, 1024px\" \/><\/figure>\n<p><\/p>\n<p><\/p>\n<figure class=\"wp-block-image size-large\"><img loading=\"lazy\" width=\"1024\" height=\"716\" src=\"https:\/\/www.joga-lubin.pl\/wp-content\/uploads\/2026\/01\/1000047505-1024x716.jpg\" alt=\"\" class=\"wp-image-2134\" srcset=\"https:\/\/www.joga-lubin.pl\/wp-content\/uploads\/2026\/01\/1000047505-1024x716.jpg 1024w, https:\/\/www.joga-lubin.pl\/wp-content\/uploads\/2026\/01\/1000047505-300x210.jpg 300w, https:\/\/www.joga-lubin.pl\/wp-content\/uploads\/2026\/01\/1000047505-768x537.jpg 768w, https:\/\/www.joga-lubin.pl\/wp-content\/uploads\/2026\/01\/1000047505.jpg 1080w\" sizes=\"(max-width: 1024px) 100vw, 1024px\" \/><\/figure>\n<p><\/p>\n<p><\/p>\n<figure class=\"wp-block-image size-large\"><img loading=\"lazy\" width=\"1024\" height=\"719\" src=\"https:\/\/www.joga-lubin.pl\/wp-content\/uploads\/2026\/01\/1000047506-1024x719.jpg\" alt=\"\" class=\"wp-image-2136\" srcset=\"https:\/\/www.joga-lubin.pl\/wp-content\/uploads\/2026\/01\/1000047506-1024x719.jpg 1024w, https:\/\/www.joga-lubin.pl\/wp-content\/uploads\/2026\/01\/1000047506-300x211.jpg 300w, https:\/\/www.joga-lubin.pl\/wp-content\/uploads\/2026\/01\/1000047506-768x539.jpg 768w, https:\/\/www.joga-lubin.pl\/wp-content\/uploads\/2026\/01\/1000047506.jpg 1080w\" sizes=\"(max-width: 1024px) 100vw, 1024px\" \/><\/figure>\n<p><\/p>\n","protected":false},"excerpt":{"rendered":"","protected":false},"author":1,"featured_media":0,"parent":13,"menu_order":0,"comment_status":"closed","ping_status":"closed","template":"","meta":{"ngg_post_thumbnail":0,"_links_to":"","_links_to_target":""},"_links":{"self":[{"href":"https:\/\/www.joga-lubin.pl\/index.php\/wp-json\/wp\/v2\/pages\/2120"}],"collection":[{"href":"https:\/\/www.joga-lubin.pl\/index.php\/wp-json\/wp\/v2\/pages"}],"about":[{"href":"https:\/\/www.joga-lubin.pl\/index.php\/wp-json\/wp\/v2\/types\/page"}],"author":[{"embeddable":true,"href":"https:\/\/www.joga-lubin.pl\/index.php\/wp-json\/wp\/v2\/users\/1"}],"replies":[{"embeddable":true,"href":"https:\/\/www.joga-lubin.pl\/index.php\/wp-json\/wp\/v2\/comments?post=2120"}],"version-history":[{"count":7,"href":"https:\/\/www.joga-lubin.pl\/index.php\/wp-json\/wp\/v2\/pages\/2120\/revisions"}],"predecessor-version":[{"id":2137,"href":"https:\/\/www.joga-lubin.pl\/index.php\/wp-json\/wp\/v2\/pages\/2120\/revisions\/2137"}],"up":[{"embeddable":true,"href":"https:\/\/www.joga-lubin.pl\/index.php\/wp-json\/wp\/v2\/pages\/13"}],"wp:attachment":[{"href":"https:\/\/www.joga-lubin.pl\/index.php\/wp-json\/wp\/v2\/media?parent=2120"}],"curies":[{"name":"wp","href":"https:\/\/api.w.org\/{rel}","templated":true}]}}