{"id":1729,"date":"2019-08-26T10:58:22","date_gmt":"2019-08-26T08:58:22","guid":{"rendered":"https:\/\/www.joga-lubin.pl\/?page_id=1729"},"modified":"2023-06-27T11:39:58","modified_gmt":"2023-06-27T09:39:58","slug":"marta","status":"publish","type":"page","link":"https:\/\/www.joga-lubin.pl\/","title":{"rendered":"Marta Goszka"},"content":{"rendered":"<p><\/p>\n<p>Moj\u0105 praktyk\u0105 od ponad o\u015bmiu lat jest Ashtanga Vinyasa Joga. Moja fascynacja t\u0105 odmian\u0105 praktyki nieodmiennie ro\u015bnie z ka\u017cdym dniem. Niesamowite jest te\u017c to, \u017ce wszystko czego do\u015bwiadczam praktykuj\u0105c asany przenosi si\u0119 na moj\u0105 codzienno\u015b\u0107 i spos\u00f3b postrzegania \u015bwiata. <\/p>\n<p><\/p>\n<p><\/p>\n<p>Zacz\u0119\u0142am uczy\u0107 si\u0119 od Gosi Kobus i to ona by\u0142a moim pierwszym drogowskazem. Uczestniczy\u0142am w wielu warsztatach z Krystianem Mesjaszem, Patrycj\u0105 Gawli\u0144sk\u0105, Piushem Mittalem i Beat\u0105 Darowsk\u0105. <\/p>\n<p><\/p>\n<p><\/p>\n<p>W 2019 roku uko\u0144czy\u0142am kurs nauczycielski we Wroc\u0142awskiej Akademii Ruchu, pod okiem Beaty Darowskiej, pod egid\u0105 Johna Scotta. Natomiast w 2021 roczny kurs na Holistycznego Terapeut\u0119 Cia\u0142a i Umys\u0142u w instytucie Nirmala Piyusha Mittala. Joga to dla mnie nieustanna droga poznawania siebie i otaczaj\u0105cego mnie \u015awiata.<\/p>\n<p><\/p>\n<p><\/p>\n<figure class=\"wp-block-image aligncenter\"><img loading=\"lazy\" width=\"664\" height=\"859\" src=\"https:\/\/www.joga-lubin.pl\/wp-content\/uploads\/2019\/08\/10841cb2-a274-4dcd-8de9-5c4a33dcbd0d.jpg\" alt=\"\" class=\"wp-image-1730\" srcset=\"https:\/\/www.joga-lubin.pl\/wp-content\/uploads\/2019\/08\/10841cb2-a274-4dcd-8de9-5c4a33dcbd0d.jpg 664w, https:\/\/www.joga-lubin.pl\/wp-content\/uploads\/2019\/08\/10841cb2-a274-4dcd-8de9-5c4a33dcbd0d-232x300.jpg 232w\" sizes=\"(max-width: 664px) 100vw, 664px\" \/><\/figure>\n<p><\/p>\n<p><\/p>\n<figure class=\"wp-block-image aligncenter\"><img loading=\"lazy\" width=\"745\" height=\"1024\" src=\"https:\/\/www.joga-lubin.pl\/wp-content\/uploads\/2019\/08\/JSY-745x1024.jpg\" alt=\"\" class=\"wp-image-1736\" srcset=\"https:\/\/www.joga-lubin.pl\/wp-content\/uploads\/2019\/08\/JSY-745x1024.jpg 745w, https:\/\/www.joga-lubin.pl\/wp-content\/uploads\/2019\/08\/JSY-218x300.jpg 218w, https:\/\/www.joga-lubin.pl\/wp-content\/uploads\/2019\/08\/JSY-768x1056.jpg 768w\" sizes=\"(max-width: 745px) 100vw, 745px\" \/><\/figure>\n<p><\/p>\n","protected":false},"excerpt":{"rendered":"<p>Moj\u0105 praktyk\u0105 od ponad o\u015bmiu lat jest Ashtanga Vinyasa Joga. Moja fascynacja t\u0105 odmian\u0105 praktyki nieodmiennie ro\u015bnie z ka\u017cdym dniem. Niesamowite jest te\u017c to, \u017ce wszystko czego do\u015bwiadczam praktykuj\u0105c asany przenosi si\u0119 na moj\u0105 codzienno\u015b\u0107 i spos\u00f3b postrzegania \u015bwiata. Zacz\u0119\u0142am uczy\u0107 si\u0119 od Gosi Kobus&hellip;<\/p>\n","protected":false},"author":1,"featured_media":0,"parent":0,"menu_order":0,"comment_status":"closed","ping_status":"closed","template":"","meta":{"ngg_post_thumbnail":0,"_links_to":"","_links_to_target":""},"_links":{"self":[{"href":"https:\/\/www.joga-lubin.pl\/index.php\/wp-json\/wp\/v2\/pages\/1729"}],"collection":[{"href":"https:\/\/www.joga-lubin.pl\/index.php\/wp-json\/wp\/v2\/pages"}],"about":[{"href":"https:\/\/www.joga-lubin.pl\/index.php\/wp-json\/wp\/v2\/types\/page"}],"author":[{"embeddable":true,"href":"https:\/\/www.joga-lubin.pl\/index.php\/wp-json\/wp\/v2\/users\/1"}],"replies":[{"embeddable":true,"href":"https:\/\/www.joga-lubin.pl\/index.php\/wp-json\/wp\/v2\/comments?post=1729"}],"version-history":[{"count":8,"href":"https:\/\/www.joga-lubin.pl\/index.php\/wp-json\/wp\/v2\/pages\/1729\/revisions"}],"predecessor-version":[{"id":2086,"href":"https:\/\/www.joga-lubin.pl\/index.php\/wp-json\/wp\/v2\/pages\/1729\/revisions\/2086"}],"wp:attachment":[{"href":"https:\/\/www.joga-lubin.pl\/index.php\/wp-json\/wp\/v2\/media?parent=1729"}],"curies":[{"name":"wp","href":"https:\/\/api.w.org\/{rel}","templated":true}]}}