{"id":1671,"date":"2019-05-13T11:33:12","date_gmt":"2019-05-13T09:33:12","guid":{"rendered":"https:\/\/www.joga-lubin.pl\/?page_id=1671"},"modified":"2020-01-18T20:37:23","modified_gmt":"2020-01-18T19:37:23","slug":"http-anatomiajogi-pl","status":"publish","type":"page","link":"https:\/\/www.joga-lubin.pl\/index.php\/http-anatomiajogi-pl\/","title":{"rendered":"Studio Jogi NAMASTE"},"content":{"rendered":"<p><\/p>\n<p>Studio Jogi NAMASTE jest miejscem, kt\u00f3re gromadzi Joginki i Jogin\u00f3w z Lubina i okolic<\/p>\n<p><\/p>\n<p><\/p>\n<p>ORGANIZUJEMY:<\/p>\n<p><\/p>\n<p><\/p>\n<ul>\n<li>ZAJ\u0118CIA JOGI;<\/li>\n<\/ul>\n<p><\/p>\n<p><\/p>\n<ul>\n<li>WARSZTATY Z CIEKAWYMI LUD\u0179MI Z CA\u0141EJ POLSKI;<\/li>\n<\/ul>\n<p><\/p>\n<p><\/p>\n<ul>\n<li>KURSY WPROWADZAJ\u0104CE, KONCERTY MIS I GONG\u00d3W.<\/li>\n<\/ul>\n<p><\/p>\n","protected":false},"excerpt":{"rendered":"<p>Studio Jogi NAMASTE jest miejscem, kt\u00f3re gromadzi Joginki i Jogin\u00f3w z Lubina i okolic ORGANIZUJEMY: ZAJ\u0118CIA JOGI; WARSZTATY Z CIEKAWYMI LUD\u0179MI Z CA\u0141EJ POLSKI; KURSY WPROWADZAJ\u0104CE, KONCERTY MIS I GONG\u00d3W.<\/p>\n","protected":false},"author":1,"featured_media":0,"parent":0,"menu_order":0,"comment_status":"closed","ping_status":"closed","template":"template-full.php","meta":{"ngg_post_thumbnail":0,"_links_to":"","_links_to_target":""},"_links":{"self":[{"href":"https:\/\/www.joga-lubin.pl\/index.php\/wp-json\/wp\/v2\/pages\/1671"}],"collection":[{"href":"https:\/\/www.joga-lubin.pl\/index.php\/wp-json\/wp\/v2\/pages"}],"about":[{"href":"https:\/\/www.joga-lubin.pl\/index.php\/wp-json\/wp\/v2\/types\/page"}],"author":[{"embeddable":true,"href":"https:\/\/www.joga-lubin.pl\/index.php\/wp-json\/wp\/v2\/users\/1"}],"replies":[{"embeddable":true,"href":"https:\/\/www.joga-lubin.pl\/index.php\/wp-json\/wp\/v2\/comments?post=1671"}],"version-history":[{"count":13,"href":"https:\/\/www.joga-lubin.pl\/index.php\/wp-json\/wp\/v2\/pages\/1671\/revisions"}],"predecessor-version":[{"id":1829,"href":"https:\/\/www.joga-lubin.pl\/index.php\/wp-json\/wp\/v2\/pages\/1671\/revisions\/1829"}],"wp:attachment":[{"href":"https:\/\/www.joga-lubin.pl\/index.php\/wp-json\/wp\/v2\/media?parent=1671"}],"curies":[{"name":"wp","href":"https:\/\/api.w.org\/{rel}","templated":true}]}}